{"id":3,"date":"2024-06-16T07:27:51","date_gmt":"2024-06-16T07:27:51","guid":{"rendered":"https:\/\/radiohighfm.ro\/?page_id=3"},"modified":"2024-06-29T21:02:02","modified_gmt":"2024-06-29T18:02:02","slug":"privacy-policy","status":"publish","type":"page","link":"https:\/\/radiohighfm.ro\/?page_id=3","title":{"rendered":"Privacy Policy"},"content":{"rendered":"\n<h2 class=\"wp-block-heading\">Cine suntem noi<\/h2>\n\n\n\n<pre id=\"tw-target-text\" class=\"wp-block-preformatted\">Adresa site-ului nostru este: https:\/\/radiohighfm.ro<\/pre>\n\n\n\n<h2 class=\"wp-block-heading\">Comentarii<\/h2>\n\n\n\n<p>C\u00e2nd vizitatorii las\u0103 comentarii pe site, colect\u0103m datele afi\u0219ate \u00een formularul de comentarii, precum \u0219i adresa IP a vizitatorului \u0219i \u0219irul de agent de utilizator al browserului pentru a ajuta la detectarea spam-ului.<\/p>\n\n\n\n<p>Un \u0219ir anonim creat de la adresa dvs. de e-mail (numit \u0219i hash) poate fi furnizat serviciului Gravatar pentru a vedea dac\u0103 \u00eel utiliza\u021bi. Politica de confiden\u021bialitate a serviciului Gravatar este disponibil\u0103 aici: https:\/\/automattic.com\/privacy\/. Dup\u0103 aprobarea comentariului dvs., fotografia dvs. de profil este vizibil\u0103 publicului \u00een contextul comentariului dvs.<\/p>\n\n\n\n<h2 class=\"wp-block-heading\">Media<\/h2>\n\n\n\n<p><strong class=\"privacy-policy-tutorial\"> <\/strong>Dac\u0103 \u00eenc\u0103rca\u021bi imagini pe site-ul web, ar trebui s\u0103 evita\u021bi s\u0103 \u00eenc\u0103rca\u021bi imagini cu date de loca\u021bie \u00eencorporate (EXIF GPS) incluse. Vizitatorii site-ului web pot desc\u0103rca \u0219i extrage orice date despre loca\u021bie din imaginile de pe site.<\/p>\n\n\n\n<h2 class=\"wp-block-heading\">Cookies<\/h2>\n\n\n\n<p>Dac\u0103 l\u0103sa\u021bi un comentariu pe site-ul nostru, pute\u021bi opta pentru salvarea numelui, a adresei de e-mail \u0219i a site-ului web \u00een cookie-uri. Acestea sunt pentru comoditatea dumneavoastr\u0103, astfel \u00eenc\u00e2t s\u0103 nu fie nevoie s\u0103 v\u0103 completa\u021bi din nou datele c\u00e2nd l\u0103sa\u021bi un alt comentariu. Aceste cookie-uri vor dura un an.<\/p>\n\n\n\n<p>Dac\u0103 vizita\u021bi pagina noastr\u0103 de conectare, vom seta un cookie temporar pentru a determina dac\u0103 browserul dumneavoastr\u0103 accept\u0103 cookie-uri. Acest cookie nu con\u021bine date personale \u0219i este eliminat atunci c\u00e2nd \u00eenchide\u021bi browserul.<\/p>\n\n\n\n<p>C\u00e2nd v\u0103 conecta\u021bi, vom configura \u0219i c\u00e2teva module cookie pentru a v\u0103 salva informa\u021biile de conectare \u0219i op\u021biunile de afi\u0219are a ecranului. Cookie-urile de conectare dureaz\u0103 dou\u0103 zile, iar modulele cookie de op\u021biuni de ecran dureaz\u0103 un an. Dac\u0103 selecta\u021bi \u201e\u021aine\u021bi minte\u201d, autentificarea va persista timp de dou\u0103 s\u0103pt\u0103m\u00e2ni. Dac\u0103 v\u0103 deconecta\u021bi de la contul dvs., cookie-urile de conectare vor fi eliminate.<\/p>\n\n\n\n<p>Dac\u0103 edita\u021bi sau publica\u021bi un articol, un cookie suplimentar va fi salvat \u00een browser. Acest cookie nu include date personale \u0219i indic\u0103 pur \u0219i simplu ID-ul post\u0103rii articolului pe care tocmai l-a\u021bi editat. Expir\u0103 dup\u0103 1 zi.<\/p>\n\n\n\n<h2 class=\"wp-block-heading\">Con\u021binut \u00eencorporat de pe alte site-uri web<\/h2>\n\n\n\n<p>Articolele de pe acest site pot include con\u021binut \u00eencorporat (de exemplu, videoclipuri, imagini, articole etc.). Con\u021binutul \u00eencorporat de pe alte site-uri web se comport\u0103 exact \u00een acela\u0219i mod ca \u0219i cum vizitatorul ar fi vizitat cel\u0103lalt site web.<\/p>\n\n\n\n<p>Aceste site-uri web pot colecta date despre dvs., pot folosi cookie-uri, pot \u00eencorpora urm\u0103rire suplimentar\u0103 de la ter\u021bi \u0219i v\u0103 pot monitoriza interac\u021biunea cu acel con\u021binut \u00eencorporat, inclusiv urm\u0103rirea interac\u021biunii dvs. cu con\u021binutul \u00eencorporat dac\u0103 ave\u021bi un cont \u0219i sunte\u021bi conectat la acel site web.<\/p>\n\n\n\n<h2 class=\"wp-block-heading\">Cu cine \u00eemp\u0103rt\u0103\u0219im datele dvs<\/h2>\n\n\n\n<p><strong class=\"privacy-policy-tutorial\"> <\/strong>Dac\u0103 solicita\u021bi o resetare a parolei, adresa dvs. IP va fi inclus\u0103 \u00een e-mailul de resetare.<\/p>\n\n\n\n<h2 class=\"wp-block-heading\">C\u00e2t timp p\u0103str\u0103m datele dumneavoastr\u0103<\/h2>\n\n\n\n<p>Dac\u0103 l\u0103sa\u021bi un comentariu, comentariul \u0219i metadatele sale sunt p\u0103strate pe termen nelimitat. Acest lucru este astfel \u00eenc\u00e2t s\u0103 putem recunoa\u0219te \u0219i aproba automat orice comentarii ulterioare, \u00een loc s\u0103 le \u021binem \u00eentr-o coad\u0103 de moderare.<\/p>\n\n\n\n<p>Pentru utilizatorii care se \u00eenregistreaz\u0103 pe site-ul nostru web (dac\u0103 exist\u0103), stoc\u0103m \u0219i informa\u021biile personale pe care le furnizeaz\u0103 \u00een profilul lor de utilizator. To\u021bi utilizatorii \u00ee\u0219i pot vedea, edita sau \u0219terge informa\u021biile personale \u00een orice moment (cu excep\u021bia faptului c\u0103 nu \u00ee\u0219i pot schimba numele de utilizator). Administratorii site-urilor web pot, de asemenea, s\u0103 vad\u0103 \u0219i s\u0103 editeze aceste informa\u021bii.<\/p>\n\n\n\n<h2 class=\"wp-block-heading\">Ce drepturi ave\u021bi asupra datelor dvs<\/h2>\n\n\n\n<p><strong class=\"privacy-policy-tutorial\"> <\/strong>Dac\u0103 ave\u021bi un cont pe acest site sau a\u021bi l\u0103sat comentarii, pute\u021bi solicita s\u0103 primi\u021bi un fi\u0219ier exportat cu datele personale pe care le de\u021binem despre dvs., inclusiv orice date pe care ni le-a\u021bi furnizat. De asemenea, pute\u021bi solicita s\u0103 \u0219tergem toate datele personale pe care le de\u021binem despre dumneavoastr\u0103. Aceasta nu include datele pe care suntem obliga\u021bi s\u0103 le p\u0103str\u0103m \u00een scopuri administrative, legale sau de securitate.<\/p>\n\n\n\n<h2 class=\"wp-block-heading\">Unde sunt trimise datele dvs<\/h2>\n\n\n\n<p><strong class=\"privacy-policy-tutorial\"> <\/strong>Comentariile vizitatorilor pot fi verificate printr-un serviciu automat de detectare a spam-ului.<\/p>\n","protected":false},"excerpt":{"rendered":"<p>Cine suntem noi Adresa site-ului nostru este: https:\/\/radiohighfm.ro Comentarii C\u00e2nd vizitatorii las\u0103 comentarii pe site, colect\u0103m datele afi\u0219ate \u00een formularul de comentarii, precum \u0219i adresa IP a vizitatorului \u0219i \u0219irul de agent de utilizator al browserului pentru a ajuta la detectarea spam-ului. Un \u0219ir anonim creat de la adresa dvs. de e-mail (numit \u0219i hash) [&hellip;]<\/p>\n","protected":false},"author":1,"featured_media":0,"parent":0,"menu_order":0,"comment_status":"closed","ping_status":"closed","template":"","meta":{"footnotes":""},"class_list":["post-3","page","type-page","status-publish","hentry"],"_links":{"self":[{"href":"https:\/\/radiohighfm.ro\/index.php?rest_route=\/wp\/v2\/pages\/3","targetHints":{"allow":["GET"]}}],"collection":[{"href":"https:\/\/radiohighfm.ro\/index.php?rest_route=\/wp\/v2\/pages"}],"about":[{"href":"https:\/\/radiohighfm.ro\/index.php?rest_route=\/wp\/v2\/types\/page"}],"author":[{"embeddable":true,"href":"https:\/\/radiohighfm.ro\/index.php?rest_route=\/wp\/v2\/users\/1"}],"replies":[{"embeddable":true,"href":"https:\/\/radiohighfm.ro\/index.php?rest_route=%2Fwp%2Fv2%2Fcomments&post=3"}],"version-history":[{"count":1,"href":"https:\/\/radiohighfm.ro\/index.php?rest_route=\/wp\/v2\/pages\/3\/revisions"}],"predecessor-version":[{"id":182,"href":"https:\/\/radiohighfm.ro\/index.php?rest_route=\/wp\/v2\/pages\/3\/revisions\/182"}],"wp:attachment":[{"href":"https:\/\/radiohighfm.ro\/index.php?rest_route=%2Fwp%2Fv2%2Fmedia&parent=3"}],"curies":[{"name":"wp","href":"https:\/\/api.w.org\/{rel}","templated":true}]}}